{"id":8721,"date":"2023-06-29T15:51:10","date_gmt":"2023-06-29T13:51:10","guid":{"rendered":"https:\/\/colorco.dk\/\/produkt\/graa-bejdset-heldaekkende-bambus-rullegardin-med-kaedetraek\/"},"modified":"2024-10-29T14:17:22","modified_gmt":"2024-10-29T13:17:22","slug":"graabetsad-heltackande-bambu-rullgardin-med-kedjedrag","status":"publish","type":"product","link":"https:\/\/colorco.dk\/sv\/product\/graabetsad-heltackande-bambu-rullgardin-med-kedjedrag\/","title":{"rendered":"Gr\u00e5betsad helt\u00e4ckande bambu rullgardin med kedjedrag"},"content":{"rendered":"<p>Denna gr\u00e5betsad helt\u00e4ckande rullgardin med kedjedrag har en solskyddsfaktor p\u00e5 <strong>90%<\/strong>. V\u00e5ra gardiner \u00e4r indelade i fem solskyddskategorier: 25%, 50%, 75%, 90% och 98%.<br \/>\nDessa \u00e4r beteckningar f\u00f6r hur mycket solljus vi anser att de sl\u00e4pper in. Detta \u00e4r v\u00e5r bed\u00f6mning och avser inte hur mycket du kan se igenom. Vi rekommenderar att du best\u00e4ller ett <a href=\"https:\/\/colorco.dk\/sv\/gratis-prov\/\">gratis prov<\/a> om du \u00e4r os\u00e4ker p\u00e5 f\u00e4rger, solskydd eller hur mycket du kan se igenom.<\/p>\n<p style=\"text-align: center;\">Dessa f\u00e4sten och kedjor anv\u00e4nds f\u00f6r denna modell.<\/p>\n<p><img fetchpriority=\"high\" decoding=\"async\" class=\"alignnone size-medium wp-image-7320 aligncenter\" src=\"https:\/\/colorco.dk\/wp-content\/uploads\/2023\/03\/06-1-600x600-1-300x300.webp\" alt=\"\" width=\"300\" height=\"300\" srcset=\"https:\/\/colorco.dk\/wp-content\/uploads\/2023\/03\/06-1-600x600-1-300x300.webp 300w, https:\/\/colorco.dk\/wp-content\/uploads\/2023\/03\/06-1-600x600-1-150x150.webp 150w, https:\/\/colorco.dk\/wp-content\/uploads\/2023\/03\/06-1-600x600-1-441x441.webp 441w, https:\/\/colorco.dk\/wp-content\/uploads\/2023\/03\/06-1-600x600-1-100x100.webp 100w, https:\/\/colorco.dk\/wp-content\/uploads\/2023\/03\/06-1-600x600-1.webp 600w\" sizes=\"(max-width: 300px) 100vw, 300px\" \/><\/p>\n","protected":false},"excerpt":{"rendered":"<p>Gr\u00e5betsad helt\u00e4ckande bambu rullgardin med kedjedrag. Bambulamellerna \u00e4r f\u00e4rgade i en ljusgr\u00e5 ton. Detta ger den naturliga bruna bambun en gr\u00e5aktig nyans, samtidigt som du kan ana bambuns naturliga struktur genom tonen. Dessutom \u00e4r lamellerna sammanv\u00e4vda p\u00e5 ett s\u00e4tt s\u00e5 att lamellerna \u00f6verlappar varandra. P\u00e5 s\u00e5 s\u00e4tt f\u00f6rhindrar gardinen insyn utan att rummet blir helt m\u00f6rklagt. Rummet blir dock m\u00f6rkare, och kan d\u00e4rf\u00f6r anv\u00e4ndas till rum d\u00e4r sol och avskildhet \u00f6nskas. Gardinen finns \u00e4ven med sn\u00f6redrag. Gardinen \u00e4r gjord av betsad bambu, och kommer s\u00e5 sm\u00e5ningom att f\u00e5 en ljusare och mer naturlig bambuf\u00e4rg.<\/p>\n<p>Bambu \u00e4r en naturprodukt och f\u00e4rgmatchning kan inte garanteras.<\/p>\n","protected":false},"featured_media":8598,"template":"","meta":[],"product_brand":[],"product_cat":[158,155],"product_tag":[],"class_list":{"0":"post-8721","1":"product","2":"type-product","3":"status-publish","4":"has-post-thumbnail","6":"product_cat-kjede-trekk","7":"product_cat-rullegardiner-no","9":"first","10":"instock","11":"taxable","12":"shipping-taxable","13":"purchasable","14":"product-type-variable"},"aioseo_notices":[],"_links":{"self":[{"href":"https:\/\/colorco.dk\/sv\/wp-json\/wp\/v2\/product\/8721","targetHints":{"allow":["GET"]}}],"collection":[{"href":"https:\/\/colorco.dk\/sv\/wp-json\/wp\/v2\/product"}],"about":[{"href":"https:\/\/colorco.dk\/sv\/wp-json\/wp\/v2\/types\/product"}],"wp:featuredmedia":[{"embeddable":true,"href":"https:\/\/colorco.dk\/sv\/wp-json\/wp\/v2\/media\/8598"}],"wp:attachment":[{"href":"https:\/\/colorco.dk\/sv\/wp-json\/wp\/v2\/media?parent=8721"}],"wp:term":[{"taxonomy":"product_brand","embeddable":true,"href":"https:\/\/colorco.dk\/sv\/wp-json\/wp\/v2\/product_brand?post=8721"},{"taxonomy":"product_cat","embeddable":true,"href":"https:\/\/colorco.dk\/sv\/wp-json\/wp\/v2\/product_cat?post=8721"},{"taxonomy":"product_tag","embeddable":true,"href":"https:\/\/colorco.dk\/sv\/wp-json\/wp\/v2\/product_tag?post=8721"}],"curies":[{"name":"wp","href":"https:\/\/api.w.org\/{rel}","templated":true}]}}