{"id":8725,"date":"2023-06-29T15:31:02","date_gmt":"2023-06-29T13:31:02","guid":{"rendered":"https:\/\/colorco.dk\/\/produkt\/sort-bambus-rullegardin-med-kaedetraek\/"},"modified":"2024-01-21T13:38:22","modified_gmt":"2024-01-21T12:38:22","slug":"svart-bambu-rullgardin-med-kedjedrag","status":"publish","type":"product","link":"https:\/\/colorco.dk\/sv\/product\/svart-bambu-rullgardin-med-kedjedrag\/","title":{"rendered":"Svart bambu rullgardin med kedjedrag"},"content":{"rendered":"<p>Denna svarte bambu rullgardin med kedjedrag har en solskyddsfaktor p\u00e5 <strong>50%<\/strong>. V\u00e5ra gardiner \u00e4r indelade i fem solskyddskategorier: 25%, 50%, 75%, 90% och 98%.<br \/>\nDessa \u00e4r beteckningar f\u00f6r hur mycket solljus vi anser att de sl\u00e4pper in. Detta \u00e4r v\u00e5r bed\u00f6mning och avser inte hur mycket du kan se igenom. Vi rekommenderar att du best\u00e4ller ett <a href=\"https:\/\/colorco.dk\/sv\/gratis-prov\/\">gratis prov<\/a> om du \u00e4r os\u00e4ker p\u00e5 f\u00e4rger, solskydd eller hur mycket du kan se igenom.<\/p>\n<p style=\"text-align: center;\">Dessa f\u00e4sten och kedjor anv\u00e4nds f\u00f6r denna modell.<\/p>\n<p><img fetchpriority=\"high\" decoding=\"async\" class=\"alignnone size-medium wp-image-7320 aligncenter\" src=\"https:\/\/colorco.dk\/wp-content\/uploads\/2023\/03\/06-1-600x600-1-300x300.webp\" alt=\"\" width=\"300\" height=\"300\" srcset=\"https:\/\/colorco.dk\/wp-content\/uploads\/2023\/03\/06-1-600x600-1-300x300.webp 300w, https:\/\/colorco.dk\/wp-content\/uploads\/2023\/03\/06-1-600x600-1-150x150.webp 150w, https:\/\/colorco.dk\/wp-content\/uploads\/2023\/03\/06-1-600x600-1-441x441.webp 441w, https:\/\/colorco.dk\/wp-content\/uploads\/2023\/03\/06-1-600x600-1-100x100.webp 100w, https:\/\/colorco.dk\/wp-content\/uploads\/2023\/03\/06-1-600x600-1.webp 600w\" sizes=\"(max-width: 300px) 100vw, 300px\" \/><\/p>\n","protected":false},"excerpt":{"rendered":"<p>Rullgardin i svart bambu. Fina platta matta svarta bambupinnar, ca. 3,5 mm breda, hopv\u00e4vda med svart tr\u00e5d och monterade p\u00e5 moderna rullgardinskomponenter med kedjedrag. En l\u00e4cker och mycket snygg gardin som skapar en fantastisk atmosf\u00e4r i ditt hem. Gardinen finns ocks\u00e5 med lindrag.<\/p>\n","protected":false},"featured_media":8592,"template":"","meta":[],"product_brand":[],"product_cat":[55,58],"product_tag":[],"class_list":{"0":"post-8725","1":"product","2":"type-product","3":"status-publish","4":"has-post-thumbnail","6":"product_cat-kaede-traek","7":"product_cat-rullegardiner-bambus-papir-eller-plante","9":"first","10":"instock","11":"taxable","12":"shipping-taxable","13":"purchasable","14":"product-type-variable"},"aioseo_notices":[],"_links":{"self":[{"href":"https:\/\/colorco.dk\/sv\/wp-json\/wp\/v2\/product\/8725","targetHints":{"allow":["GET"]}}],"collection":[{"href":"https:\/\/colorco.dk\/sv\/wp-json\/wp\/v2\/product"}],"about":[{"href":"https:\/\/colorco.dk\/sv\/wp-json\/wp\/v2\/types\/product"}],"wp:featuredmedia":[{"embeddable":true,"href":"https:\/\/colorco.dk\/sv\/wp-json\/wp\/v2\/media\/8592"}],"wp:attachment":[{"href":"https:\/\/colorco.dk\/sv\/wp-json\/wp\/v2\/media?parent=8725"}],"wp:term":[{"taxonomy":"product_brand","embeddable":true,"href":"https:\/\/colorco.dk\/sv\/wp-json\/wp\/v2\/product_brand?post=8725"},{"taxonomy":"product_cat","embeddable":true,"href":"https:\/\/colorco.dk\/sv\/wp-json\/wp\/v2\/product_cat?post=8725"},{"taxonomy":"product_tag","embeddable":true,"href":"https:\/\/colorco.dk\/sv\/wp-json\/wp\/v2\/product_tag?post=8725"}],"curies":[{"name":"wp","href":"https:\/\/api.w.org\/{rel}","templated":true}]}}