{"id":8727,"date":"2023-06-29T15:23:30","date_gmt":"2023-06-29T13:23:30","guid":{"rendered":"https:\/\/colorco.dk\/\/produkt\/mork-brun-bambus-rullegardin-med-kaedetraek\/"},"modified":"2024-01-21T13:59:28","modified_gmt":"2024-01-21T12:59:28","slug":"morkbrun-bambu-rullgardin-med-kedjedrag","status":"publish","type":"product","link":"https:\/\/colorco.dk\/sv\/product\/morkbrun-bambu-rullgardin-med-kedjedrag\/","title":{"rendered":"M\u00f6rkbrun bambu rullgardin med kedjedrag"},"content":{"rendered":"<p>Denna m\u00f6rkbrune bambu rullgardin med kedjedrag har en solskyddsfaktor p\u00e5 <strong>50%<\/strong>. V\u00e5ra gardiner \u00e4r indelade i fem solskyddskategorier: 25%, 50%, 75%, 90% och 98%.<br \/>\nDessa \u00e4r beteckningar f\u00f6r hur mycket solljus vi anser att de sl\u00e4pper in. Detta \u00e4r v\u00e5r bed\u00f6mning och avser inte hur mycket du kan se igenom. Vi rekommenderar att du best\u00e4ller ett <a href=\"https:\/\/colorco.dk\/sv\/gratis-prov\/\">gratis prov<\/a> om du \u00e4r os\u00e4ker p\u00e5 f\u00e4rger, solskydd eller hur mycket du kan se igenom.<\/p>\n<p style=\"text-align: center;\">Dessa f\u00e4sten och kedjor anv\u00e4nds f\u00f6r denna modell.<\/p>\n<p><img fetchpriority=\"high\" decoding=\"async\" class=\"alignnone size-medium wp-image-7320 aligncenter\" src=\"https:\/\/colorco.dk\/wp-content\/uploads\/2023\/03\/06-1-600x600-1-300x300.webp\" alt=\"\" width=\"300\" height=\"300\" srcset=\"https:\/\/colorco.dk\/wp-content\/uploads\/2023\/03\/06-1-600x600-1-300x300.webp 300w, https:\/\/colorco.dk\/wp-content\/uploads\/2023\/03\/06-1-600x600-1-150x150.webp 150w, https:\/\/colorco.dk\/wp-content\/uploads\/2023\/03\/06-1-600x600-1-441x441.webp 441w, https:\/\/colorco.dk\/wp-content\/uploads\/2023\/03\/06-1-600x600-1-100x100.webp 100w, https:\/\/colorco.dk\/wp-content\/uploads\/2023\/03\/06-1-600x600-1.webp 600w\" sizes=\"(max-width: 300px) 100vw, 300px\" \/><\/p>\n","protected":false},"excerpt":{"rendered":"<p>M\u00f6rkbrun bambu rullgardin med kedjedrag. De naturliga bambupinnarna \u00e4r f\u00e4rgade i en m\u00f6rkbrun ton och v\u00e4vda samman med en m\u00f6rkbrun tr\u00e5d. Tonen i betningen g\u00f6r att man kan ana den naturliga strukturen som bambun har genom f\u00e4rgen. Gardinen finns \u00e4ven med sn\u00f6redrag, och dessa tv\u00e5 utf\u00f6randen kan blandas v\u00e4l efter behov och smak. Eftersom gardintyget \u00e4r fl\u00e4ckigt och inte genomf\u00e4rgat kommer sidan som vetter mot ljuset s\u00e5 sm\u00e5ningom att f\u00e5 en ljusare och mer naturlig bambuf\u00e4rg. F\u00e4rger kan variera beroende p\u00e5 f\u00e4rgerna p\u00e5 bilderna, vi rekommenderar d\u00e4rf\u00f6r att du best\u00e4ller ett gratis bambuprov.<\/p>\n<p>Bambu \u00e4r en naturprodukt och f\u00e4rgmatchning kan inte garanteras.<\/p>\n","protected":false},"featured_media":8586,"template":"","meta":[],"product_brand":[],"product_cat":[158,155],"product_tag":[],"class_list":{"0":"post-8727","1":"product","2":"type-product","3":"status-publish","4":"has-post-thumbnail","6":"product_cat-kjede-trekk","7":"product_cat-rullegardiner-no","9":"first","10":"instock","11":"taxable","12":"shipping-taxable","13":"purchasable","14":"product-type-variable"},"aioseo_notices":[],"_links":{"self":[{"href":"https:\/\/colorco.dk\/sv\/wp-json\/wp\/v2\/product\/8727","targetHints":{"allow":["GET"]}}],"collection":[{"href":"https:\/\/colorco.dk\/sv\/wp-json\/wp\/v2\/product"}],"about":[{"href":"https:\/\/colorco.dk\/sv\/wp-json\/wp\/v2\/types\/product"}],"wp:featuredmedia":[{"embeddable":true,"href":"https:\/\/colorco.dk\/sv\/wp-json\/wp\/v2\/media\/8586"}],"wp:attachment":[{"href":"https:\/\/colorco.dk\/sv\/wp-json\/wp\/v2\/media?parent=8727"}],"wp:term":[{"taxonomy":"product_brand","embeddable":true,"href":"https:\/\/colorco.dk\/sv\/wp-json\/wp\/v2\/product_brand?post=8727"},{"taxonomy":"product_cat","embeddable":true,"href":"https:\/\/colorco.dk\/sv\/wp-json\/wp\/v2\/product_cat?post=8727"},{"taxonomy":"product_tag","embeddable":true,"href":"https:\/\/colorco.dk\/sv\/wp-json\/wp\/v2\/product_tag?post=8727"}],"curies":[{"name":"wp","href":"https:\/\/api.w.org\/{rel}","templated":true}]}}