{"id":8741,"date":"2023-06-29T14:23:29","date_gmt":"2023-06-29T12:23:29","guid":{"rendered":"https:\/\/colorco.dk\/\/produkt\/hvidt-papir-rullegardin\/"},"modified":"2024-01-21T13:56:22","modified_gmt":"2024-01-21T12:56:22","slug":"vit-papper-rullgardin-med-kedjedrag","status":"publish","type":"product","link":"https:\/\/colorco.dk\/sv\/product\/vit-papper-rullgardin-med-kedjedrag\/","title":{"rendered":"Vit papper rullgardin med kedjedrag"},"content":{"rendered":"<p>Denna vite papper rullgardin med kedjedrag har en solskyddsfaktor p\u00e5 <strong>50%<\/strong>. V\u00e5ra gardiner \u00e4r indelade i fem solskyddskategorier: 25%, 50%, 75%, 90% och 98%.<br \/>\nDessa \u00e4r beteckningar f\u00f6r hur mycket solljus vi anser att de sl\u00e4pper in. Detta \u00e4r v\u00e5r bed\u00f6mning och avser inte hur mycket du kan se igenom. Vi rekommenderar att du best\u00e4ller ett <a href=\"https:\/\/colorco.dk\/sv\/gratis-prov\/\">gratis prov<\/a> om du \u00e4r os\u00e4ker p\u00e5 f\u00e4rger, solskydd eller hur mycket du kan se igenom.<\/p>\n<p style=\"text-align: center;\">Dessa f\u00e4sten och kedjor anv\u00e4nds f\u00f6r denna modell.<\/p>\n<p><img fetchpriority=\"high\" decoding=\"async\" class=\"alignnone size-medium wp-image-7320 aligncenter\" src=\"https:\/\/colorco.dk\/wp-content\/uploads\/2023\/03\/06-1-600x600-1-300x300.webp\" alt=\"\" width=\"300\" height=\"300\" srcset=\"https:\/\/colorco.dk\/wp-content\/uploads\/2023\/03\/06-1-600x600-1-300x300.webp 300w, https:\/\/colorco.dk\/wp-content\/uploads\/2023\/03\/06-1-600x600-1-150x150.webp 150w, https:\/\/colorco.dk\/wp-content\/uploads\/2023\/03\/06-1-600x600-1-441x441.webp 441w, https:\/\/colorco.dk\/wp-content\/uploads\/2023\/03\/06-1-600x600-1-100x100.webp 100w, https:\/\/colorco.dk\/wp-content\/uploads\/2023\/03\/06-1-600x600-1.webp 600w\" sizes=\"(max-width: 300px) 100vw, 300px\" \/><\/p>\n","protected":false},"excerpt":{"rendered":"<p>Rullgardin i vitt papper. Fina vitpapperstr\u00e4ngar v\u00e4vs ihop med vit tr\u00e5d till ett vackert randigt m\u00f6nster. En otroligt vacker och helt unik rullgardin som ger det finaste ljuset n\u00e4r solens str\u00e5lar lyser igenom tyget. Papperet \u00e4r tillverkat av FSC-certifierat tr\u00e4, vilket inneb\u00e4r att tr\u00e4et kommer fr\u00e5n h\u00e5llbart och milj\u00f6v\u00e4nligt skogsbruk.<\/p>\n<p>Persiennen finns i en maximal bredd p\u00e5 244 cm.<\/p>\n","protected":false},"featured_media":8538,"template":"","meta":[],"product_brand":[],"product_cat":[158,155],"product_tag":[],"class_list":{"0":"post-8741","1":"product","2":"type-product","3":"status-publish","4":"has-post-thumbnail","6":"product_cat-kjede-trekk","7":"product_cat-rullegardiner-no","9":"first","10":"instock","11":"taxable","12":"shipping-taxable","13":"purchasable","14":"product-type-variable"},"aioseo_notices":[],"_links":{"self":[{"href":"https:\/\/colorco.dk\/sv\/wp-json\/wp\/v2\/product\/8741","targetHints":{"allow":["GET"]}}],"collection":[{"href":"https:\/\/colorco.dk\/sv\/wp-json\/wp\/v2\/product"}],"about":[{"href":"https:\/\/colorco.dk\/sv\/wp-json\/wp\/v2\/types\/product"}],"wp:featuredmedia":[{"embeddable":true,"href":"https:\/\/colorco.dk\/sv\/wp-json\/wp\/v2\/media\/8538"}],"wp:attachment":[{"href":"https:\/\/colorco.dk\/sv\/wp-json\/wp\/v2\/media?parent=8741"}],"wp:term":[{"taxonomy":"product_brand","embeddable":true,"href":"https:\/\/colorco.dk\/sv\/wp-json\/wp\/v2\/product_brand?post=8741"},{"taxonomy":"product_cat","embeddable":true,"href":"https:\/\/colorco.dk\/sv\/wp-json\/wp\/v2\/product_cat?post=8741"},{"taxonomy":"product_tag","embeddable":true,"href":"https:\/\/colorco.dk\/sv\/wp-json\/wp\/v2\/product_tag?post=8741"}],"curies":[{"name":"wp","href":"https:\/\/api.w.org\/{rel}","templated":true}]}}