{"id":8745,"date":"2023-06-29T13:41:04","date_gmt":"2023-06-29T11:41:04","guid":{"rendered":"https:\/\/colorco.dk\/\/produkt\/moerk-graa-papir-rullegardin\/"},"modified":"2024-01-21T13:36:58","modified_gmt":"2024-01-21T12:36:58","slug":"moerkgraatt-papper-rullgardin-kedje","status":"publish","type":"product","link":"https:\/\/colorco.dk\/sv\/product\/moerkgraatt-papper-rullgardin-kedje\/","title":{"rendered":"M\u00f6rkgr\u00e5tt papper rullgardin med kedjedrag"},"content":{"rendered":"<p>Denna m\u00f6rkgr\u00e5tt papper rullgardin med kedjedrag har en solskyddsfaktor p\u00e5 <strong>50%<\/strong>. V\u00e5ra gardiner \u00e4r indelade i fem solskyddskategorier: 25%, 50%, 75%, 90% och 98%.<br \/>\nDessa \u00e4r beteckningar f\u00f6r hur mycket solljus vi anser att de sl\u00e4pper in. Detta \u00e4r v\u00e5r bed\u00f6mning och avser inte hur mycket du kan se igenom. Vi rekommenderar att du best\u00e4ller ett <a href=\"https:\/\/colorco.dk\/sv\/gratis-prov\/\">gratis prov<\/a> om du \u00e4r os\u00e4ker p\u00e5 f\u00e4rger, solskydd eller hur mycket du kan se igenom.<\/p>\n<p style=\"text-align: center;\">Dessa f\u00e4sten och kedjor anv\u00e4nds f\u00f6r denna modell.<\/p>\n<p><img fetchpriority=\"high\" decoding=\"async\" class=\"alignnone size-medium wp-image-7320 aligncenter\" src=\"https:\/\/colorco.dk\/wp-content\/uploads\/2023\/03\/06-1-600x600-1-300x300.webp\" alt=\"\" width=\"300\" height=\"300\" srcset=\"https:\/\/colorco.dk\/wp-content\/uploads\/2023\/03\/06-1-600x600-1-300x300.webp 300w, https:\/\/colorco.dk\/wp-content\/uploads\/2023\/03\/06-1-600x600-1-150x150.webp 150w, https:\/\/colorco.dk\/wp-content\/uploads\/2023\/03\/06-1-600x600-1-441x441.webp 441w, https:\/\/colorco.dk\/wp-content\/uploads\/2023\/03\/06-1-600x600-1-100x100.webp 100w, https:\/\/colorco.dk\/wp-content\/uploads\/2023\/03\/06-1-600x600-1.webp 600w\" sizes=\"(max-width: 300px) 100vw, 300px\" \/><\/p>\n","protected":false},"excerpt":{"rendered":"<p>Rullgardin i m\u00f6rkgr\u00e5tt papper. Rullgardinstyget \u00e4r v\u00e4vt med m\u00f6rkgr\u00e5 f\u00e4rgade pappersfibrer och m\u00f6rkgr\u00e5 tr\u00e5d. Papperstyget v\u00e4vs p\u00e5 stora v\u00e4var och det tar ungef\u00e4r 30 dagar att tillverka det f\u00e4rdiga naturliga materialet fr\u00e5n det att tr\u00e5den s\u00e4tts i v\u00e4ven tills tyget \u00e4r helt f\u00e4rdigt. Tyget har en fantastisk yta som p\u00e5minner lite om fin ull. Det \u00e4r en mycket vacker gardin som med sin m\u00f6rkgr\u00e5 f\u00e4rg och naturliga material ger hemmet en mycket speciell och exklusiv atmosf\u00e4r.<\/p>\n<p>Gardinen finns ocks\u00e5 i gr\u00e5tt papper.<\/p>\n","protected":false},"featured_media":8520,"template":"","meta":[],"product_brand":[],"product_cat":[158,155],"product_tag":[],"class_list":{"0":"post-8745","1":"product","2":"type-product","3":"status-publish","4":"has-post-thumbnail","6":"product_cat-kjede-trekk","7":"product_cat-rullegardiner-no","9":"first","10":"outofstock","11":"taxable","12":"shipping-taxable","13":"purchasable","14":"product-type-variable"},"aioseo_notices":[],"_links":{"self":[{"href":"https:\/\/colorco.dk\/sv\/wp-json\/wp\/v2\/product\/8745","targetHints":{"allow":["GET"]}}],"collection":[{"href":"https:\/\/colorco.dk\/sv\/wp-json\/wp\/v2\/product"}],"about":[{"href":"https:\/\/colorco.dk\/sv\/wp-json\/wp\/v2\/types\/product"}],"wp:featuredmedia":[{"embeddable":true,"href":"https:\/\/colorco.dk\/sv\/wp-json\/wp\/v2\/media\/8520"}],"wp:attachment":[{"href":"https:\/\/colorco.dk\/sv\/wp-json\/wp\/v2\/media?parent=8745"}],"wp:term":[{"taxonomy":"product_brand","embeddable":true,"href":"https:\/\/colorco.dk\/sv\/wp-json\/wp\/v2\/product_brand?post=8745"},{"taxonomy":"product_cat","embeddable":true,"href":"https:\/\/colorco.dk\/sv\/wp-json\/wp\/v2\/product_cat?post=8745"},{"taxonomy":"product_tag","embeddable":true,"href":"https:\/\/colorco.dk\/sv\/wp-json\/wp\/v2\/product_tag?post=8745"}],"curies":[{"name":"wp","href":"https:\/\/api.w.org\/{rel}","templated":true}]}}