{"id":8747,"date":"2023-06-29T13:34:25","date_gmt":"2023-06-29T11:34:25","guid":{"rendered":"https:\/\/colorco.dk\/\/produkt\/brun-plante-rullegardin-med-kaedetraek\/"},"modified":"2026-04-03T12:00:52","modified_gmt":"2026-04-03T10:00:52","slug":"brun-vaextfiber-rullgardin-med-kedjedrag","status":"publish","type":"product","link":"https:\/\/colorco.dk\/sv\/product\/brun-vaextfiber-rullgardin-med-kedjedrag\/","title":{"rendered":"Brun v\u00e4xtfiber rullgardin med kedjedrag"},"content":{"rendered":"<p>Denna brune v\u00e4xtfiber rullgardin med kedjedrag har en solskyddsfaktor p\u00e5 <strong>50%<\/strong>. V\u00e5ra gardiner \u00e4r indelade i fem solskyddskategorier: 25%, 50%, 75%, 90% och 98%.<br \/>\nDessa \u00e4r beteckningar f\u00f6r hur mycket solljus vi anser att de sl\u00e4pper in. Detta \u00e4r v\u00e5r bed\u00f6mning och avser inte hur mycket du kan se igenom. Vi rekommenderar att du best\u00e4ller ett <a href=\"https:\/\/colorco.dk\/sv\/gratis-prov\/\">gratis prov<\/a> om du \u00e4r os\u00e4ker p\u00e5 f\u00e4rger, solskydd eller hur mycket du kan se igenom.<\/p>\n<p style=\"text-align: center;\">Dessa f\u00e4sten och kedjor anv\u00e4nds f\u00f6r denna modell.<\/p>\n<p><img fetchpriority=\"high\" decoding=\"async\" class=\"alignnone size-medium wp-image-7320 aligncenter\" src=\"https:\/\/colorco.dk\/wp-content\/uploads\/2023\/03\/06-1-600x600-1-300x300.webp\" alt=\"\" width=\"300\" height=\"300\" srcset=\"https:\/\/colorco.dk\/wp-content\/uploads\/2023\/03\/06-1-600x600-1-300x300.webp 300w, https:\/\/colorco.dk\/wp-content\/uploads\/2023\/03\/06-1-600x600-1-150x150.webp 150w, https:\/\/colorco.dk\/wp-content\/uploads\/2023\/03\/06-1-600x600-1-441x441.webp 441w, https:\/\/colorco.dk\/wp-content\/uploads\/2023\/03\/06-1-600x600-1-100x100.webp 100w, https:\/\/colorco.dk\/wp-content\/uploads\/2023\/03\/06-1-600x600-1.webp 600w\" sizes=\"(max-width: 300px) 100vw, 300px\" \/><\/p>\n","protected":false},"excerpt":{"rendered":"<p>Brun v\u00e4xtgardin rullgardin med kedjedrag. Denna vackra och helt unika rullgardin \u00e4r v\u00e4vd i ett fint m\u00f6nster av garn fr\u00e5n stj\u00e4lken p\u00e5 jutev\u00e4xten samt fina vita tr\u00e5dar. N\u00e4r gardinen rullas ut \u00e4r m\u00f6nstret n\u00e4stan osynligt, men blir mer synligt beroende p\u00e5 ljusfl\u00f6det. Gardinen ger ett vackert och naturligt utseende till hemmet, och skapar det finaste ljuset n\u00e4r solens str\u00e5lar tr\u00e4ffar gardinen. Finns \u00e4ven med sn\u00f6redrag.<\/p>\n<p>Gardinen finns i en maxbredd p\u00e5 244 cm.<\/p>\n","protected":false},"featured_media":8514,"template":"","meta":[],"product_brand":[],"product_cat":[158,155,152],"product_tag":[],"class_list":{"0":"post-8747","1":"product","2":"type-product","3":"status-publish","4":"has-post-thumbnail","6":"product_cat-kjede-trekk","7":"product_cat-rullegardiner-no","8":"product_cat-natur-plante","10":"first","11":"instock","12":"taxable","13":"shipping-taxable","14":"purchasable","15":"product-type-variable"},"aioseo_notices":[],"_links":{"self":[{"href":"https:\/\/colorco.dk\/sv\/wp-json\/wp\/v2\/product\/8747","targetHints":{"allow":["GET"]}}],"collection":[{"href":"https:\/\/colorco.dk\/sv\/wp-json\/wp\/v2\/product"}],"about":[{"href":"https:\/\/colorco.dk\/sv\/wp-json\/wp\/v2\/types\/product"}],"wp:featuredmedia":[{"embeddable":true,"href":"https:\/\/colorco.dk\/sv\/wp-json\/wp\/v2\/media\/8514"}],"wp:attachment":[{"href":"https:\/\/colorco.dk\/sv\/wp-json\/wp\/v2\/media?parent=8747"}],"wp:term":[{"taxonomy":"product_brand","embeddable":true,"href":"https:\/\/colorco.dk\/sv\/wp-json\/wp\/v2\/product_brand?post=8747"},{"taxonomy":"product_cat","embeddable":true,"href":"https:\/\/colorco.dk\/sv\/wp-json\/wp\/v2\/product_cat?post=8747"},{"taxonomy":"product_tag","embeddable":true,"href":"https:\/\/colorco.dk\/sv\/wp-json\/wp\/v2\/product_tag?post=8747"}],"curies":[{"name":"wp","href":"https:\/\/api.w.org\/{rel}","templated":true}]}}