{"id":8749,"date":"2023-06-29T13:22:17","date_gmt":"2023-06-29T11:22:17","guid":{"rendered":"https:\/\/colorco.dk\/\/produkt\/hvidt-stribet-plante-rullegardin-med-kaedetraek-hvidt-stribet-plante-rullegardin-med-kaedetraek-brun-stribet-plante-rullegardin-med-kaedetraek-kopier\/"},"modified":"2024-02-27T11:48:47","modified_gmt":"2024-02-27T10:48:47","slug":"vit-randig-natur-vaxtfiber-rullgardin-med-kedjedrag","status":"publish","type":"product","link":"https:\/\/colorco.dk\/sv\/product\/vit-randig-natur-vaxtfiber-rullgardin-med-kedjedrag\/","title":{"rendered":"Vit randig natur v\u00e4xtfiber rullgardin med kedjedrag"},"content":{"rendered":"<p>Denna vite randig natur v\u00e4xtfiber rullgardin med kedjedrag har en solskyddsfaktor p\u00e5 <strong>50%<\/strong>. V\u00e5ra gardiner \u00e4r indelade i fem solskyddskategorier: 25%, 50%, 75%, 90% och 98%.<br \/>\nDessa \u00e4r beteckningar f\u00f6r hur mycket solljus vi anser att de sl\u00e4pper in. Detta \u00e4r v\u00e5r bed\u00f6mning och avser inte hur mycket du kan se igenom. Vi rekommenderar att du best\u00e4ller ett <a href=\"https:\/\/colorco.dk\/sv\/gratis-prov\/\">gratis prov<\/a> om du \u00e4r os\u00e4ker p\u00e5 f\u00e4rger, solskydd eller hur mycket du kan se igenom.<\/p>\n<p style=\"text-align: center;\">Dessa f\u00e4sten och kedjor anv\u00e4nds f\u00f6r denna modell.<\/p>\n<p><img fetchpriority=\"high\" decoding=\"async\" class=\"alignnone size-medium wp-image-7320 aligncenter\" src=\"https:\/\/colorco.dk\/wp-content\/uploads\/2023\/03\/06-1-600x600-1-300x300.webp\" alt=\"\" width=\"300\" height=\"300\" srcset=\"https:\/\/colorco.dk\/wp-content\/uploads\/2023\/03\/06-1-600x600-1-300x300.webp 300w, https:\/\/colorco.dk\/wp-content\/uploads\/2023\/03\/06-1-600x600-1-150x150.webp 150w, https:\/\/colorco.dk\/wp-content\/uploads\/2023\/03\/06-1-600x600-1-441x441.webp 441w, https:\/\/colorco.dk\/wp-content\/uploads\/2023\/03\/06-1-600x600-1-100x100.webp 100w, https:\/\/colorco.dk\/wp-content\/uploads\/2023\/03\/06-1-600x600-1.webp 600w\" sizes=\"(max-width: 300px) 100vw, 300px\" \/><\/p>\n","protected":false},"excerpt":{"rendered":"<p>Hvidt stribet plante rullegardin med k\u00e6detr\u00e6k. Fint jute garn er v\u00e6vet sammen med hvid tr\u00e5d i et stribet m\u00f8nster. Jute udvindes fra juteplantens stilk. Planten er en utrolig b\u00e6redygtig plante, da den hverken kr\u00e6ver meget vand eller g\u00f8dning og den er hurtigvoksende. De lyse striber er ca. 1 cm brede i v\u00e6vningen. Gardinet er fantastisk smukt, let og eksklusivt og kan h\u00e6nges i alle rum.<\/p>\n<p>Gardinet vil med tiden f\u00e5 en mere naturlig brun tone. Gardinet kan f\u00e5s i en maksimum bredde p\u00e5 184 cm.<\/p>\n","protected":false},"featured_media":8511,"template":"","meta":[],"product_brand":[],"product_cat":[158,155,152],"product_tag":[],"class_list":{"0":"post-8749","1":"product","2":"type-product","3":"status-publish","4":"has-post-thumbnail","6":"product_cat-kjede-trekk","7":"product_cat-rullegardiner-no","8":"product_cat-natur-plante","10":"first","11":"instock","12":"taxable","13":"shipping-taxable","14":"purchasable","15":"product-type-variable"},"aioseo_notices":[],"_links":{"self":[{"href":"https:\/\/colorco.dk\/sv\/wp-json\/wp\/v2\/product\/8749","targetHints":{"allow":["GET"]}}],"collection":[{"href":"https:\/\/colorco.dk\/sv\/wp-json\/wp\/v2\/product"}],"about":[{"href":"https:\/\/colorco.dk\/sv\/wp-json\/wp\/v2\/types\/product"}],"wp:featuredmedia":[{"embeddable":true,"href":"https:\/\/colorco.dk\/sv\/wp-json\/wp\/v2\/media\/8511"}],"wp:attachment":[{"href":"https:\/\/colorco.dk\/sv\/wp-json\/wp\/v2\/media?parent=8749"}],"wp:term":[{"taxonomy":"product_brand","embeddable":true,"href":"https:\/\/colorco.dk\/sv\/wp-json\/wp\/v2\/product_brand?post=8749"},{"taxonomy":"product_cat","embeddable":true,"href":"https:\/\/colorco.dk\/sv\/wp-json\/wp\/v2\/product_cat?post=8749"},{"taxonomy":"product_tag","embeddable":true,"href":"https:\/\/colorco.dk\/sv\/wp-json\/wp\/v2\/product_tag?post=8749"}],"curies":[{"name":"wp","href":"https:\/\/api.w.org\/{rel}","templated":true}]}}