{"id":8774,"date":"2023-06-28T15:48:06","date_gmt":"2023-06-28T13:48:06","guid":{"rendered":"https:\/\/colorco.dk\/\/produkt\/lys-hvid-bambus\/"},"modified":"2024-04-08T10:37:10","modified_gmt":"2024-04-08T08:37:10","slug":"ljus-vit-bambu-rullgardin","status":"publish","type":"product","link":"https:\/\/colorco.dk\/sv\/product\/ljus-vit-bambu-rullgardin\/","title":{"rendered":"Ljus vit bambu rullgardin"},"content":{"rendered":"<p>Denna ljuse vit bambu rullgardin med sn\u00f6redrag har en solskyddsfaktor p\u00e5 <strong>75%<\/strong>. V\u00e5ra gardiner \u00e4r indelade i fem solskyddskategorier: 25%, 50%, 75%, 90% och 98%.<br \/>\nDessa \u00e4r beteckningar f\u00f6r hur mycket solljus vi anser att de sl\u00e4pper in. Detta \u00e4r v\u00e5r bed\u00f6mning och avser inte hur mycket du kan se igenom. Vi rekommenderar att du best\u00e4ller ett <a href=\"https:\/\/colorco.dk\/sv\/gratis-prov\/\">gratis prov<\/a> om du \u00e4r os\u00e4ker p\u00e5 f\u00e4rger, solskydd eller hur mycket du kan se igenom.<\/p>\n<p style=\"text-align: center;\">Dessa krokar anv\u00e4nds f\u00f6r denna modell.<\/p>\n<p><img fetchpriority=\"high\" decoding=\"async\" class=\"alignnone size-medium wp-image-7348 aligncenter\" src=\"https:\/\/colorco.dk\/wp-content\/uploads\/2023\/03\/Color_co_blank_metal_hooks-600x600-1-300x300.webp\" alt=\"\" width=\"300\" height=\"300\" srcset=\"https:\/\/colorco.dk\/wp-content\/uploads\/2023\/03\/Color_co_blank_metal_hooks-600x600-1-300x300.webp 300w, https:\/\/colorco.dk\/wp-content\/uploads\/2023\/03\/Color_co_blank_metal_hooks-600x600-1-150x150.webp 150w, https:\/\/colorco.dk\/wp-content\/uploads\/2023\/03\/Color_co_blank_metal_hooks-600x600-1-441x441.webp 441w, https:\/\/colorco.dk\/wp-content\/uploads\/2023\/03\/Color_co_blank_metal_hooks-600x600-1-100x100.webp 100w, https:\/\/colorco.dk\/wp-content\/uploads\/2023\/03\/Color_co_blank_metal_hooks-600x600-1.webp 600w\" sizes=\"(max-width: 300px) 100vw, 300px\" \/><\/p>\n","protected":false},"excerpt":{"rendered":"<p>En vacker rullgardin i ljus vitbetsad bambu. Tunna vitbetsade bambupinnar \u00e4r sammanv\u00e4vda i en vacker n\u00e4stan mattliknande struktur med vit tr\u00e5d. Gardinl\u00e5ssystemet \u00e4r vitt. En superfin rullgardin i exklusiv kvalitet. Designen \u00e4r en vit version av v\u00e5r popul\u00e4ra Ljus bambu rullgardin.<\/p>\n<p>Gardinen \u00e4r gjord av vitbetsad bambu, och kommer d\u00e4rf\u00f6r med tiden att f\u00e5 en mer naturlig och gyllene ton.<\/p>\n","protected":false},"featured_media":8451,"template":"","meta":[],"product_brand":[],"product_cat":[156,162],"product_tag":[],"class_list":{"0":"post-8774","1":"product","2":"type-product","3":"status-publish","4":"has-post-thumbnail","6":"product_cat-rullgardiner","7":"product_cat-snore-drag","9":"first","10":"instock","11":"taxable","12":"shipping-taxable","13":"purchasable","14":"product-type-variable"},"aioseo_notices":[],"_links":{"self":[{"href":"https:\/\/colorco.dk\/sv\/wp-json\/wp\/v2\/product\/8774","targetHints":{"allow":["GET"]}}],"collection":[{"href":"https:\/\/colorco.dk\/sv\/wp-json\/wp\/v2\/product"}],"about":[{"href":"https:\/\/colorco.dk\/sv\/wp-json\/wp\/v2\/types\/product"}],"wp:featuredmedia":[{"embeddable":true,"href":"https:\/\/colorco.dk\/sv\/wp-json\/wp\/v2\/media\/8451"}],"wp:attachment":[{"href":"https:\/\/colorco.dk\/sv\/wp-json\/wp\/v2\/media?parent=8774"}],"wp:term":[{"taxonomy":"product_brand","embeddable":true,"href":"https:\/\/colorco.dk\/sv\/wp-json\/wp\/v2\/product_brand?post=8774"},{"taxonomy":"product_cat","embeddable":true,"href":"https:\/\/colorco.dk\/sv\/wp-json\/wp\/v2\/product_cat?post=8774"},{"taxonomy":"product_tag","embeddable":true,"href":"https:\/\/colorco.dk\/sv\/wp-json\/wp\/v2\/product_tag?post=8774"}],"curies":[{"name":"wp","href":"https:\/\/api.w.org\/{rel}","templated":true}]}}