{"id":8781,"date":"2023-06-28T15:35:19","date_gmt":"2023-06-28T13:35:19","guid":{"rendered":"https:\/\/colorco.dk\/\/produkt\/graa-bejdset-heldaekkende-bambus\/"},"modified":"2025-02-23T23:56:58","modified_gmt":"2025-02-23T22:56:58","slug":"graabetsad-ljusdaampande-bambu-rullgardin","status":"publish","type":"product","link":"https:\/\/colorco.dk\/sv\/product\/graabetsad-ljusdaampande-bambu-rullgardin\/","title":{"rendered":"Gr\u00e5betsad helt\u00e4ckande bambu rullgardin"},"content":{"rendered":"<p>Denna gr\u00e5betsade helt\u00e4ckande rullgardin med sn\u00f6redrag har en solskyddsfaktor p\u00e5 <strong>90%<\/strong>. V\u00e5ra gardiner \u00e4r indelade i fem solskyddskategorier: 25%, 50%, 75%, 90% och 98%.<br \/>\nDessa \u00e4r beteckningar f\u00f6r hur mycket solljus vi anser att de sl\u00e4pper in. Detta \u00e4r v\u00e5r bed\u00f6mning och avser inte hur mycket du kan se igenom. Vi rekommenderar att du best\u00e4ller ett <a href=\"https:\/\/colorco.dk\/sv\/gratis-prov\/\">gratis prov<\/a> om du \u00e4r os\u00e4ker p\u00e5 f\u00e4rger, solskydd eller hur mycket du kan se igenom.<\/p>\n<p style=\"text-align: center;\">Dessa krokar anv\u00e4nds f\u00f6r denna modell.<\/p>\n<p><img fetchpriority=\"high\" decoding=\"async\" class=\"alignnone size-medium wp-image-7348 aligncenter\" src=\"https:\/\/colorco.dk\/wp-content\/uploads\/2023\/03\/Color_co_blank_metal_hooks-600x600-1-300x300.webp\" alt=\"\" width=\"300\" height=\"300\" srcset=\"https:\/\/colorco.dk\/wp-content\/uploads\/2023\/03\/Color_co_blank_metal_hooks-600x600-1-300x300.webp 300w, https:\/\/colorco.dk\/wp-content\/uploads\/2023\/03\/Color_co_blank_metal_hooks-600x600-1-150x150.webp 150w, https:\/\/colorco.dk\/wp-content\/uploads\/2023\/03\/Color_co_blank_metal_hooks-600x600-1-441x441.webp 441w, https:\/\/colorco.dk\/wp-content\/uploads\/2023\/03\/Color_co_blank_metal_hooks-600x600-1-100x100.webp 100w, https:\/\/colorco.dk\/wp-content\/uploads\/2023\/03\/Color_co_blank_metal_hooks-600x600-1.webp 600w\" sizes=\"(max-width: 300px) 100vw, 300px\" \/><\/p>\n","protected":false},"excerpt":{"rendered":"<p>Gr\u00e5betsad bambu rullgardin med helt\u00e4ckande effekt. Perfekt f\u00f6r rum d\u00e4r sk\u00e4rmning f\u00f6r insikt eller solljus \u00f6nskas. Bambu lamellerna p\u00e5 ca. 7 mm breda \u00e4r v\u00e4vda samman p\u00e5 ett s\u00e4tt s\u00e5 att de n\u00e4stan t\u00e4cker 100 procent av solens str\u00e5lar. Men det l\u00e5ter fortfarande lite ljus tr\u00e4nga igenom s\u00e5 att rummet inte blir helt m\u00f6rkt.<\/p>\n<p>Gardinen \u00e4r f\u00e4rgad i samma f\u00e4rg som v\u00e5r Gr\u00e5betsad bambu, s\u00e5 dessa gardiner passar perfekt om du vill ha din design i hela huset, men vill ha en skillnad i ljus\u00f6verf\u00f6ring. Gardinen \u00e4r gjord av naturlig bambu, som \u00e4r f\u00e4rgad med en ljusgr\u00e5 f\u00e4rg. D\u00e4rf\u00f6r kan b\u00e5de den naturliga bambuf\u00e4rgen och strukturen avk\u00e4nnas genom den gr\u00e5 f\u00e4rgen.<\/p>\n<p>Bambu \u00e4r en naturlig produkt och f\u00e4rgmatchning kan inte garanteras. Vi hoppas att du kommer att best\u00e4lla ett gratis bambuprov om du \u00e4r os\u00e4ker.<\/p>\n","protected":false},"featured_media":8448,"template":"","meta":[],"product_brand":[],"product_cat":[155,161],"product_tag":[],"class_list":{"0":"post-8781","1":"product","2":"type-product","3":"status-publish","4":"has-post-thumbnail","6":"product_cat-rullegardiner-no","7":"product_cat-snor-trekk","9":"first","10":"instock","11":"taxable","12":"shipping-taxable","13":"purchasable","14":"product-type-variable"},"aioseo_notices":[],"_links":{"self":[{"href":"https:\/\/colorco.dk\/sv\/wp-json\/wp\/v2\/product\/8781","targetHints":{"allow":["GET"]}}],"collection":[{"href":"https:\/\/colorco.dk\/sv\/wp-json\/wp\/v2\/product"}],"about":[{"href":"https:\/\/colorco.dk\/sv\/wp-json\/wp\/v2\/types\/product"}],"wp:featuredmedia":[{"embeddable":true,"href":"https:\/\/colorco.dk\/sv\/wp-json\/wp\/v2\/media\/8448"}],"wp:attachment":[{"href":"https:\/\/colorco.dk\/sv\/wp-json\/wp\/v2\/media?parent=8781"}],"wp:term":[{"taxonomy":"product_brand","embeddable":true,"href":"https:\/\/colorco.dk\/sv\/wp-json\/wp\/v2\/product_brand?post=8781"},{"taxonomy":"product_cat","embeddable":true,"href":"https:\/\/colorco.dk\/sv\/wp-json\/wp\/v2\/product_cat?post=8781"},{"taxonomy":"product_tag","embeddable":true,"href":"https:\/\/colorco.dk\/sv\/wp-json\/wp\/v2\/product_tag?post=8781"}],"curies":[{"name":"wp","href":"https:\/\/api.w.org\/{rel}","templated":true}]}}