{"id":8791,"date":"2023-06-28T15:14:52","date_gmt":"2023-06-28T13:14:52","guid":{"rendered":"https:\/\/colorco.dk\/\/produkt\/brun-bambus\/"},"modified":"2024-08-15T09:51:03","modified_gmt":"2024-08-15T07:51:03","slug":"brun-bambu-rullgardin","status":"publish","type":"product","link":"https:\/\/colorco.dk\/sv\/product\/brun-bambu-rullgardin\/","title":{"rendered":"Brun helt\u00e4ckande bambu rullgardin"},"content":{"rendered":"<p>Denna brune helt\u00e4ckande rullgardin med sn\u00f6redrag har en solskyddsfaktor p\u00e5 <strong>90%<\/strong>. V\u00e5ra gardiner \u00e4r indelade i fem solskyddskategorier: 25%, 50%, 75%, 90% och 98%.<br \/>\nDessa \u00e4r beteckningar f\u00f6r hur mycket solljus vi anser att de sl\u00e4pper in. Detta \u00e4r v\u00e5r bed\u00f6mning och avser inte hur mycket du kan se igenom. Vi rekommenderar att du best\u00e4ller ett <a href=\"https:\/\/colorco.dk\/sv\/gratis-prov\/\">gratis prov<\/a> om du \u00e4r os\u00e4ker p\u00e5 f\u00e4rger, solskydd eller hur mycket du kan se igenom.<\/p>\n<p style=\"text-align: center;\">Dessa krokar anv\u00e4nds f\u00f6r denna modell.<\/p>\n<p><img fetchpriority=\"high\" decoding=\"async\" class=\"alignnone size-medium wp-image-7348 aligncenter\" src=\"https:\/\/colorco.dk\/wp-content\/uploads\/2023\/03\/Color_co_blank_metal_hooks-600x600-1-300x300.webp\" alt=\"\" width=\"300\" height=\"300\" srcset=\"https:\/\/colorco.dk\/wp-content\/uploads\/2023\/03\/Color_co_blank_metal_hooks-600x600-1-300x300.webp 300w, https:\/\/colorco.dk\/wp-content\/uploads\/2023\/03\/Color_co_blank_metal_hooks-600x600-1-150x150.webp 150w, https:\/\/colorco.dk\/wp-content\/uploads\/2023\/03\/Color_co_blank_metal_hooks-600x600-1-441x441.webp 441w, https:\/\/colorco.dk\/wp-content\/uploads\/2023\/03\/Color_co_blank_metal_hooks-600x600-1-100x100.webp 100w, https:\/\/colorco.dk\/wp-content\/uploads\/2023\/03\/Color_co_blank_metal_hooks-600x600-1.webp 600w\" sizes=\"(max-width: 300px) 100vw, 300px\" \/><\/p>\n","protected":false},"excerpt":{"rendered":"<p>Bambu rullgardin i brun bambu. Breda bambupinnar p\u00e5 ca. 0,9 cm hopv\u00e4vda med brun tr\u00e5d p\u00e5 ett s\u00e4tt som g\u00f6r att de n\u00e4stan t\u00e4cker 90 procent av solens starkaste str\u00e5lar. Gardinen passar d\u00e4rf\u00f6r perfekt till rum d\u00e4r man vill ha m\u00f6rkl\u00e4ggning, s\u00e5som tv-rummet eller sovrummet, men kommer dock inte att g\u00f6ra rummet helt m\u00f6rkare. Gardinen \u00e4r gjord av naturlig bambu som har varit genom en v\u00e4rmeprocess som m\u00f6rknar materialet. Bambun \u00e4r d\u00e4rf\u00f6r helt genomf\u00e4rgad. F\u00e4rgen matchar v\u00e5r bruna fina bambu rullgardin perfekt.<\/p>\n<p>F\u00e4rger kan variera beroende p\u00e5 f\u00e4rgerna p\u00e5 bilderna, s\u00e5 vi rekommenderar d\u00e4rf\u00f6r att du best\u00e4ller ett gratis bambuprov.<\/p>\n<p>Bambu \u00e4r en naturprodukt och f\u00e4rgmatchning kan inte garanteras.<\/p>\n","protected":false},"featured_media":8439,"template":"","meta":[],"product_brand":[],"product_cat":[58,54],"product_tag":[],"class_list":{"0":"post-8791","1":"product","2":"type-product","3":"status-publish","4":"has-post-thumbnail","6":"product_cat-rullegardiner-bambus-papir-eller-plante","7":"product_cat-snore-traek","9":"first","10":"instock","11":"taxable","12":"shipping-taxable","13":"purchasable","14":"product-type-variable"},"aioseo_notices":[],"_links":{"self":[{"href":"https:\/\/colorco.dk\/sv\/wp-json\/wp\/v2\/product\/8791","targetHints":{"allow":["GET"]}}],"collection":[{"href":"https:\/\/colorco.dk\/sv\/wp-json\/wp\/v2\/product"}],"about":[{"href":"https:\/\/colorco.dk\/sv\/wp-json\/wp\/v2\/types\/product"}],"wp:featuredmedia":[{"embeddable":true,"href":"https:\/\/colorco.dk\/sv\/wp-json\/wp\/v2\/media\/8439"}],"wp:attachment":[{"href":"https:\/\/colorco.dk\/sv\/wp-json\/wp\/v2\/media?parent=8791"}],"wp:term":[{"taxonomy":"product_brand","embeddable":true,"href":"https:\/\/colorco.dk\/sv\/wp-json\/wp\/v2\/product_brand?post=8791"},{"taxonomy":"product_cat","embeddable":true,"href":"https:\/\/colorco.dk\/sv\/wp-json\/wp\/v2\/product_cat?post=8791"},{"taxonomy":"product_tag","embeddable":true,"href":"https:\/\/colorco.dk\/sv\/wp-json\/wp\/v2\/product_tag?post=8791"}],"curies":[{"name":"wp","href":"https:\/\/api.w.org\/{rel}","templated":true}]}}